{"id":187,"date":"2026-02-12T02:22:43","date_gmt":"2026-02-12T02:22:43","guid":{"rendered":"https:\/\/pr0100.com\/smiot\/?page_id=187"},"modified":"2026-03-31T23:53:03","modified_gmt":"2026-03-31T23:53:03","slug":"educacion","status":"publish","type":"page","link":"https:\/\/pr0100.com\/smiot\/educacion\/","title":{"rendered":"Educaci\u00f3n"},"content":{"rendered":"\t\t<div data-elementor-type=\"wp-page\" data-elementor-id=\"187\" class=\"elementor elementor-187\">\n\t\t\t\t<div class=\"elementor-element elementor-element-2c421a0 e-flex e-con-boxed wpr-particle-no wpr-jarallax-no wpr-parallax-no wpr-sticky-section-no e-con e-parent\" data-id=\"2c421a0\" data-element_type=\"container\" data-settings=\"{&quot;background_background&quot;:&quot;classic&quot;}\">\n\t\t\t\t\t<div class=\"e-con-inner\">\n\t\t\t\t<div class=\"elementor-element elementor-element-629c81e elementor-widget elementor-widget-heading\" data-id=\"629c81e\" data-element_type=\"widget\" data-widget_type=\"heading.default\">\n\t\t\t\t\t<h1 class=\"elementor-heading-title elementor-size-default\">Educaci\u00f3n<\/h1>\t\t\t\t<\/div>\n\t\t\t\t\t<\/div>\n\t\t\t\t<\/div>\n\t\t<div class=\"elementor-element elementor-element-722a066 e-flex e-con-boxed wpr-particle-no wpr-jarallax-no wpr-parallax-no wpr-sticky-section-no e-con e-parent\" data-id=\"722a066\" data-element_type=\"container\">\n\t\t\t\t\t<div class=\"e-con-inner\">\n\t\t<div class=\"elementor-element elementor-element-1be240b e-con-full e-flex wpr-particle-no wpr-jarallax-no wpr-parallax-no wpr-sticky-section-no e-con e-child\" data-id=\"1be240b\" data-element_type=\"container\">\n\t\t\t\t<div class=\"elementor-element elementor-element-c4a30fc elementor-widget elementor-widget-text-editor\" data-id=\"c4a30fc\" data-element_type=\"widget\" data-widget_type=\"text-editor.default\">\n\t\t\t\t\t\t\t\t\t<p><span style=\"font-weight: 400;\">La SMIOT mantiene un firme compromiso con la educaci\u00f3n cient\u00edfica de calidad como pilar para fortalecer la investigaci\u00f3n ortop\u00e9dica en M\u00e9xico y la regi\u00f3n. A trav\u00e9s de programas formativos, talleres especializados y espacios de actualizaci\u00f3n continua, la sociedad promueve el uso de metodolog\u00edas rigurosas, an\u00e1lisis estad\u00edsticos apropiados y pr\u00e1cticas de investigaci\u00f3n basadas en evidencia.\u00a0<\/span><\/p>\t\t\t\t\t\t\t\t<\/div>\n\t\t\t\t<\/div>\n\t\t\t\t\t<\/div>\n\t\t\t\t<\/div>\n\t\t<div class=\"elementor-element elementor-element-5866e93 e-flex e-con-boxed wpr-particle-no wpr-jarallax-no wpr-parallax-no wpr-sticky-section-no e-con e-parent\" data-id=\"5866e93\" data-element_type=\"container\">\n\t\t\t\t\t<div class=\"e-con-inner\">\n\t\t<div class=\"elementor-element elementor-element-59d84ba e-con-full e-flex wpr-particle-no wpr-jarallax-no wpr-parallax-no wpr-sticky-section-no e-con e-child\" data-id=\"59d84ba\" data-element_type=\"container\">\n\t\t\t\t<div class=\"elementor-element elementor-element-dfe55fa elementor-widget elementor-widget-heading\" data-id=\"dfe55fa\" data-element_type=\"widget\" data-widget_type=\"heading.default\">\n\t\t\t\t\t<h4 class=\"elementor-heading-title elementor-size-default\">buscamos elevar la calidad de la investigaci\u00f3n musculoesquel\u00e9tica<\/h4>\t\t\t\t<\/div>\n\t\t\t\t<div class=\"elementor-element elementor-element-7e4fab7 elementor-widget elementor-widget-text-editor\" data-id=\"7e4fab7\" data-element_type=\"widget\" data-widget_type=\"text-editor.default\">\n\t\t\t\t\t\t\t\t\t<p><span style=\"font-weight: 400;\">Nuestro objetivo es dotar a estudiantes, residentes, especialistas e investigadores de las herramientas necesarias para dise\u00f1ar, ejecutar y comunicar estudios con alto est\u00e1ndar cient\u00edfico, fomentando la integridad acad\u00e9mica, la reproducibilidad y la toma de decisiones fundamentadas en datos s\u00f3lidos.<\/span><\/p><p><span style=\"font-weight: 400;\">Este esfuerzo educativo busca elevar la calidad de la investigaci\u00f3n musculoesquel\u00e9tica y generar impacto real en la pr\u00e1ctica cl\u00ednica y en la salud de los pacientes.<\/span><\/p>\t\t\t\t\t\t\t\t<\/div>\n\t\t\t\t<\/div>\n\t\t<div class=\"elementor-element elementor-element-ecd6459 e-con-full e-flex wpr-particle-no wpr-jarallax-no wpr-parallax-no wpr-sticky-section-no e-con e-child\" data-id=\"ecd6459\" data-element_type=\"container\">\n\t\t\t\t<div class=\"elementor-element elementor-element-3b56214 elementor-widget elementor-widget-image\" data-id=\"3b56214\" data-element_type=\"widget\" data-widget_type=\"image.default\">\n\t\t\t\t\t\t\t\t\t\t\t\t\t\t\t<img fetchpriority=\"high\" decoding=\"async\" width=\"800\" height=\"534\" src=\"https:\/\/pr0100.com\/smiot\/wp-content\/uploads\/2026\/02\/19356.jpg\" class=\"attachment-large size-large wp-image-190\" alt=\"\" srcset=\"https:\/\/pr0100.com\/smiot\/wp-content\/uploads\/2026\/02\/19356.jpg 1000w, https:\/\/pr0100.com\/smiot\/wp-content\/uploads\/2026\/02\/19356-300x200.jpg 300w, https:\/\/pr0100.com\/smiot\/wp-content\/uploads\/2026\/02\/19356-768x512.jpg 768w\" sizes=\"(max-width: 800px) 100vw, 800px\" \/>\t\t\t\t\t\t\t\t\t\t\t\t\t\t\t<\/div>\n\t\t\t\t<\/div>\n\t\t\t\t\t<\/div>\n\t\t\t\t<\/div>\n\t\t<div class=\"elementor-element elementor-element-34cbf6f valores e-flex e-con-boxed wpr-particle-no wpr-jarallax-no wpr-parallax-no wpr-sticky-section-no e-con e-parent\" data-id=\"34cbf6f\" data-element_type=\"container\" data-settings=\"{&quot;background_background&quot;:&quot;classic&quot;}\">\n\t\t\t\t\t<div class=\"e-con-inner\">\n\t\t<div class=\"elementor-element elementor-element-8c136a2 e-con-full e-flex wpr-particle-no wpr-jarallax-no wpr-parallax-no wpr-sticky-section-no e-con e-child\" data-id=\"8c136a2\" data-element_type=\"container\">\n\t\t\t\t<div class=\"elementor-element elementor-element-159b6f9 elementor-widget elementor-widget-text-editor\" data-id=\"159b6f9\" data-element_type=\"widget\" data-widget_type=\"text-editor.default\">\n\t\t\t\t\t\t\t\t\t<p><span style=\"font-weight: 400;\">La SMIOT puede acompa\u00f1arte en la planeaci\u00f3n, desarrollo y fortalecimiento de tus proyectos de investigaci\u00f3n, ofreci\u00e9ndote apoyo pr\u00e1ctico en distintas etapas del proceso cient\u00edfico, desde el dise\u00f1o del estudio hasta el an\u00e1lisis y la publicaci\u00f3n de resultados, a trav\u00e9s de:<\/span><\/p>\t\t\t\t\t\t\t\t<\/div>\n\t\t\t\t<\/div>\n\t\t<div class=\"elementor-element elementor-element-1ce60b8 e-con-full e-flex wpr-particle-no wpr-jarallax-no wpr-parallax-no wpr-sticky-section-no e-con e-child\" data-id=\"1ce60b8\" data-element_type=\"container\">\n\t\t<div class=\"elementor-element elementor-element-07c907f e-con-full e-flex wpr-particle-no wpr-jarallax-no wpr-parallax-no wpr-sticky-section-no e-con e-child\" data-id=\"07c907f\" data-element_type=\"container\">\n\t\t\t\t<div class=\"elementor-element elementor-element-6dcdcdf listado elementor-widget elementor-widget-text-editor\" data-id=\"6dcdcdf\" data-element_type=\"widget\" data-widget_type=\"text-editor.default\">\n\t\t\t\t\t\t\t\t\t<ul><li style=\"font-weight: 400;\" aria-level=\"1\"><span style=\"font-weight: 400;\">Estudios de casos y controles<\/span><\/li><li style=\"font-weight: 400;\" aria-level=\"1\"><a href=\"https:\/\/pr0100.com\/smiot\/estudios-de-cohorte-en-ortopedia\/\"><span style=\"font-weight: 400;\">Estudios de cohorte<\/span><\/a><\/li><li style=\"font-weight: 400;\" aria-level=\"1\"><span style=\"font-weight: 400;\">Estudios transversales<\/span><\/li><li style=\"font-weight: 400;\" aria-level=\"1\"><span style=\"font-weight: 400;\">Ensayos cl\u00ednicos<\/span><\/li><li style=\"font-weight: 400;\" aria-level=\"1\"><span style=\"font-weight: 400;\">Reportes de caso<\/span><\/li><\/ul>\t\t\t\t\t\t\t\t<\/div>\n\t\t\t\t<\/div>\n\t\t<div class=\"elementor-element elementor-element-ff7d700 e-con-full e-flex wpr-particle-no wpr-jarallax-no wpr-parallax-no wpr-sticky-section-no e-con e-child\" data-id=\"ff7d700\" data-element_type=\"container\">\n\t\t\t\t<div class=\"elementor-element elementor-element-dc2fa4f listado elementor-widget elementor-widget-text-editor\" data-id=\"dc2fa4f\" data-element_type=\"widget\" data-widget_type=\"text-editor.default\">\n\t\t\t\t\t\t\t\t\t<ul class=\"listado\"><li style=\"font-weight: 400;\" aria-level=\"1\"><span style=\"font-weight: 400;\">Herramientas de citado y gestores bibliogr\u00e1ficos<\/span><\/li><li style=\"font-weight: 400;\" aria-level=\"1\"><a href=\"https:\/\/pr0100.com\/smiot\/seleccion-de-revista\/\"><span style=\"font-weight: 400;\">Journal finders y selecci\u00f3n de revista<\/span><\/a><\/li><li style=\"font-weight: 400;\" aria-level=\"1\"><span style=\"font-weight: 400;\">An\u00e1lisis estad\u00edstico<\/span><\/li><li style=\"font-weight: 400;\" aria-level=\"1\"><span style=\"font-weight: 400;\">Curso y acompa\u00f1amiento en R<\/span><\/li><li style=\"font-weight: 400;\" aria-level=\"1\"><a href=\"https:\/\/pr0100.com\/smiot\/videos\/\"><span style=\"font-weight: 400;\">Videos educativos y recursos en l\u00ednea<\/span><\/a><\/li><\/ul>\t\t\t\t\t\t\t\t<\/div>\n\t\t\t\t<\/div>\n\t\t\t\t<\/div>\n\t\t\t\t\t<\/div>\n\t\t\t\t<\/div>\n\t\t\t\t<\/div>\n\t\t","protected":false},"excerpt":{"rendered":"<p>Educaci\u00f3n La SMIOT mantiene un firme compromiso con la educaci\u00f3n cient\u00edfica de calidad como pilar para fortalecer la investigaci\u00f3n ortop\u00e9dica en M\u00e9xico y la regi\u00f3n. A trav\u00e9s de programas formativos, talleres especializados y espacios de actualizaci\u00f3n continua, la sociedad promueve el uso de metodolog\u00edas rigurosas, an\u00e1lisis estad\u00edsticos apropiados y pr\u00e1cticas de investigaci\u00f3n basadas en evidencia.\u00a0 buscamos elevar la calidad de la investigaci\u00f3n musculoesquel\u00e9tica Nuestro objetivo es dotar a estudiantes, residentes, especialistas e investigadores de las herramientas necesarias para dise\u00f1ar, ejecutar y comunicar estudios con alto est\u00e1ndar cient\u00edfico, fomentando la integridad acad\u00e9mica, la reproducibilidad y la toma de decisiones fundamentadas en datos s\u00f3lidos. Este esfuerzo educativo busca elevar la calidad de la investigaci\u00f3n musculoesquel\u00e9tica y generar impacto real en la pr\u00e1ctica cl\u00ednica y en la salud de los pacientes. La SMIOT puede acompa\u00f1arte en la planeaci\u00f3n, desarrollo y fortalecimiento de tus proyectos de investigaci\u00f3n, ofreci\u00e9ndote apoyo pr\u00e1ctico en distintas etapas del proceso cient\u00edfico, desde el dise\u00f1o del estudio hasta el an\u00e1lisis y la publicaci\u00f3n de resultados, a trav\u00e9s de: Estudios de casos y controles Estudios de cohorte Estudios transversales Ensayos cl\u00ednicos Reportes de caso Herramientas de citado y gestores bibliogr\u00e1ficos Journal finders y selecci\u00f3n de revista An\u00e1lisis estad\u00edstico Curso y acompa\u00f1amiento en R Videos educativos y recursos en l\u00ednea<\/p>\n","protected":false},"author":1,"featured_media":0,"parent":0,"menu_order":0,"comment_status":"closed","ping_status":"closed","template":"elementor_header_footer","meta":{"footnotes":""},"class_list":["post-187","page","type-page","status-publish","hentry"],"_links":{"self":[{"href":"https:\/\/pr0100.com\/smiot\/wp-json\/wp\/v2\/pages\/187","targetHints":{"allow":["GET"]}}],"collection":[{"href":"https:\/\/pr0100.com\/smiot\/wp-json\/wp\/v2\/pages"}],"about":[{"href":"https:\/\/pr0100.com\/smiot\/wp-json\/wp\/v2\/types\/page"}],"author":[{"embeddable":true,"href":"https:\/\/pr0100.com\/smiot\/wp-json\/wp\/v2\/users\/1"}],"replies":[{"embeddable":true,"href":"https:\/\/pr0100.com\/smiot\/wp-json\/wp\/v2\/comments?post=187"}],"version-history":[{"count":13,"href":"https:\/\/pr0100.com\/smiot\/wp-json\/wp\/v2\/pages\/187\/revisions"}],"predecessor-version":[{"id":248,"href":"https:\/\/pr0100.com\/smiot\/wp-json\/wp\/v2\/pages\/187\/revisions\/248"}],"wp:attachment":[{"href":"https:\/\/pr0100.com\/smiot\/wp-json\/wp\/v2\/media?parent=187"}],"curies":[{"name":"wp","href":"https:\/\/api.w.org\/{rel}","templated":true}]}}